{"id":189,"date":"2024-03-12T12:01:46","date_gmt":"2024-03-12T12:01:46","guid":{"rendered":"https:\/\/werner-bestattung.de\/?page_id=189"},"modified":"2024-03-12T12:01:46","modified_gmt":"2024-03-12T12:01:46","slug":"ueber-uns","status":"publish","type":"page","link":"https:\/\/werner-bestattung.de\/?page_id=189","title":{"rendered":"\u00dcBER UNS"},"content":{"rendered":"<div class=\"wpb-content-wrapper\"><p>[vc_row css=&#8220;.vc_custom_1620827677387{margin-bottom: 0px !important;padding-top: 60px !important;padding-bottom: 60px !important;}&#8220;][vc_column]<div class=\"dt-fancy-separator title-left h3-size accent-title-color accent-border-color\" style=\"width: 100%;\"><div class=\"dt-fancy-title\"><span class=\"separator-holder separator-left\"><\/span>Margit Werner<span class=\"separator-holder separator-right\"><\/span><\/div><\/div>[vc_empty_space][vc_column_text]Ich bin seit fast 2 Jahrzehnten im Bestattungswesen t\u00e4tig und sehe meine Arbeit nicht nur als Beruf, sondern auch als Berufung \u2013 es ist eine gro\u00dfe Verantwortung und gleichzeitig ein Privileg, in diesen besonderen und schweren Momenten f\u00fcr unsere Kunden da zu sein und\u00a0 jede m\u00f6gliche Unterst\u00fctzung zu bieten, sowohl menschlich als auch organisatorisch \/ b\u00fcrokratisch.<\/p>\n<p>Meine weitreichenden Erfahrungen, die ich \u00fcberwiegend im Bestattungshaus Deterding in enger Zusammenarbeit mit Herrn Deterding gesammelt habe, erlauben es mir, schnell und professionell auch die schwierigsten Herausforderungen f\u00fcr Sie zu meistern, damit Sie sich ausschlie\u00dflich auf sich selbst und Ihre Liebsten konzentrieren k\u00f6nnen.<\/p>\n<p>Jeder Trauerfall ist einzigartig und besonders \u2013 und genau so wird er von uns behandelt.[\/vc_column_text][\/vc_column][\/vc_row]<\/p>\n<\/div>","protected":false},"excerpt":{"rendered":"<p>[vc_row css=&#8220;.vc_custom_1620827677387{margin-bottom: 0px !important;padding-top: 60px !important;padding-bottom: 60px !important;}&#8220;][vc_column][vc_empty_space][vc_column_text]Ich bin seit fast 2 Jahrzehnten im Bestattungswesen t\u00e4tig und sehe meine Arbeit nicht nur als Beruf, sondern auch als Berufung \u2013 es ist eine gro\u00dfe Verantwortung und gleichzeitig ein Privileg, in diesen besonderen und schweren Momenten f\u00fcr unsere Kunden da zu sein und\u00a0 jede m\u00f6gliche Unterst\u00fctzung zu&hellip;<\/p>\n","protected":false},"author":1,"featured_media":0,"parent":0,"menu_order":0,"comment_status":"closed","ping_status":"closed","template":"","meta":{"footnotes":""},"class_list":["post-189","page","type-page","status-publish","hentry","description-off"],"yoast_head":"<!-- This site is optimized with the Yoast SEO plugin v27.3 - https:\/\/yoast.com\/product\/yoast-seo-wordpress\/ -->\n<title>\u00dcBER UNS - Bestattunghaus Werner<\/title>\n<meta name=\"robots\" content=\"index, follow, max-snippet:-1, max-image-preview:large, max-video-preview:-1\" \/>\n<link rel=\"canonical\" href=\"https:\/\/werner-bestattung.de\/?page_id=189\" \/>\n<meta property=\"og:locale\" content=\"de_DE\" \/>\n<meta property=\"og:type\" content=\"article\" \/>\n<meta property=\"og:title\" content=\"\u00dcBER UNS - Bestattunghaus Werner\" \/>\n<meta property=\"og:description\" content=\"[vc_row css=&#8220;.vc_custom_1620827677387{margin-bottom: 0px !important;padding-top: 60px !important;padding-bottom: 60px !important;}&#8220;][vc_column][vc_empty_space][vc_column_text]Ich bin seit fast 2 Jahrzehnten im Bestattungswesen t\u00e4tig und sehe meine Arbeit nicht nur als Beruf, sondern auch als Berufung \u2013 es ist eine gro\u00dfe Verantwortung und gleichzeitig ein Privileg, in diesen besonderen und schweren Momenten f\u00fcr unsere Kunden da zu sein und\u00a0 jede m\u00f6gliche Unterst\u00fctzung zu&hellip;\" \/>\n<meta property=\"og:url\" content=\"https:\/\/werner-bestattung.de\/?page_id=189\" \/>\n<meta property=\"og:site_name\" content=\"Bestattunghaus Werner\" \/>\n<meta name=\"twitter:card\" content=\"summary_large_image\" \/>\n<meta name=\"twitter:label1\" content=\"Gesch\u00e4tzte Lesezeit\" \/>\n\t<meta name=\"twitter:data1\" content=\"1\u00a0Minute\" \/>\n<script type=\"application\/ld+json\" class=\"yoast-schema-graph\">{\"@context\":\"https:\\\/\\\/schema.org\",\"@graph\":[{\"@type\":\"WebPage\",\"@id\":\"https:\\\/\\\/werner-bestattung.de\\\/?page_id=189\",\"url\":\"https:\\\/\\\/werner-bestattung.de\\\/?page_id=189\",\"name\":\"\u00dcBER UNS - Bestattunghaus Werner\",\"isPartOf\":{\"@id\":\"https:\\\/\\\/werner-bestattung.de\\\/#website\"},\"datePublished\":\"2024-03-12T12:01:46+00:00\",\"breadcrumb\":{\"@id\":\"https:\\\/\\\/werner-bestattung.de\\\/?page_id=189#breadcrumb\"},\"inLanguage\":\"de\",\"potentialAction\":[{\"@type\":\"ReadAction\",\"target\":[\"https:\\\/\\\/werner-bestattung.de\\\/?page_id=189\"]}]},{\"@type\":\"BreadcrumbList\",\"@id\":\"https:\\\/\\\/werner-bestattung.de\\\/?page_id=189#breadcrumb\",\"itemListElement\":[{\"@type\":\"ListItem\",\"position\":1,\"name\":\"Startseite\",\"item\":\"https:\\\/\\\/werner-bestattung.de\\\/\"},{\"@type\":\"ListItem\",\"position\":2,\"name\":\"\u00dcBER UNS\"}]},{\"@type\":\"WebSite\",\"@id\":\"https:\\\/\\\/werner-bestattung.de\\\/#website\",\"url\":\"https:\\\/\\\/werner-bestattung.de\\\/\",\"name\":\"Bestattunghaus Werner\",\"description\":\"Bestattungen in Steinbach und Umgebung\",\"potentialAction\":[{\"@type\":\"SearchAction\",\"target\":{\"@type\":\"EntryPoint\",\"urlTemplate\":\"https:\\\/\\\/werner-bestattung.de\\\/?s={search_term_string}\"},\"query-input\":{\"@type\":\"PropertyValueSpecification\",\"valueRequired\":true,\"valueName\":\"search_term_string\"}}],\"inLanguage\":\"de\"}]}<\/script>\n<!-- \/ Yoast SEO plugin. -->","yoast_head_json":{"title":"\u00dcBER UNS - Bestattunghaus Werner","robots":{"index":"index","follow":"follow","max-snippet":"max-snippet:-1","max-image-preview":"max-image-preview:large","max-video-preview":"max-video-preview:-1"},"canonical":"https:\/\/werner-bestattung.de\/?page_id=189","og_locale":"de_DE","og_type":"article","og_title":"\u00dcBER UNS - Bestattunghaus Werner","og_description":"[vc_row css=&#8220;.vc_custom_1620827677387{margin-bottom: 0px !important;padding-top: 60px !important;padding-bottom: 60px !important;}&#8220;][vc_column][vc_empty_space][vc_column_text]Ich bin seit fast 2 Jahrzehnten im Bestattungswesen t\u00e4tig und sehe meine Arbeit nicht nur als Beruf, sondern auch als Berufung \u2013 es ist eine gro\u00dfe Verantwortung und gleichzeitig ein Privileg, in diesen besonderen und schweren Momenten f\u00fcr unsere Kunden da zu sein und\u00a0 jede m\u00f6gliche Unterst\u00fctzung zu&hellip;","og_url":"https:\/\/werner-bestattung.de\/?page_id=189","og_site_name":"Bestattunghaus Werner","twitter_card":"summary_large_image","twitter_misc":{"Gesch\u00e4tzte Lesezeit":"1\u00a0Minute"},"schema":{"@context":"https:\/\/schema.org","@graph":[{"@type":"WebPage","@id":"https:\/\/werner-bestattung.de\/?page_id=189","url":"https:\/\/werner-bestattung.de\/?page_id=189","name":"\u00dcBER UNS - Bestattunghaus Werner","isPartOf":{"@id":"https:\/\/werner-bestattung.de\/#website"},"datePublished":"2024-03-12T12:01:46+00:00","breadcrumb":{"@id":"https:\/\/werner-bestattung.de\/?page_id=189#breadcrumb"},"inLanguage":"de","potentialAction":[{"@type":"ReadAction","target":["https:\/\/werner-bestattung.de\/?page_id=189"]}]},{"@type":"BreadcrumbList","@id":"https:\/\/werner-bestattung.de\/?page_id=189#breadcrumb","itemListElement":[{"@type":"ListItem","position":1,"name":"Startseite","item":"https:\/\/werner-bestattung.de\/"},{"@type":"ListItem","position":2,"name":"\u00dcBER UNS"}]},{"@type":"WebSite","@id":"https:\/\/werner-bestattung.de\/#website","url":"https:\/\/werner-bestattung.de\/","name":"Bestattunghaus Werner","description":"Bestattungen in Steinbach und Umgebung","potentialAction":[{"@type":"SearchAction","target":{"@type":"EntryPoint","urlTemplate":"https:\/\/werner-bestattung.de\/?s={search_term_string}"},"query-input":{"@type":"PropertyValueSpecification","valueRequired":true,"valueName":"search_term_string"}}],"inLanguage":"de"}]}},"_links":{"self":[{"href":"https:\/\/werner-bestattung.de\/index.php?rest_route=\/wp\/v2\/pages\/189","targetHints":{"allow":["GET"]}}],"collection":[{"href":"https:\/\/werner-bestattung.de\/index.php?rest_route=\/wp\/v2\/pages"}],"about":[{"href":"https:\/\/werner-bestattung.de\/index.php?rest_route=\/wp\/v2\/types\/page"}],"author":[{"embeddable":true,"href":"https:\/\/werner-bestattung.de\/index.php?rest_route=\/wp\/v2\/users\/1"}],"replies":[{"embeddable":true,"href":"https:\/\/werner-bestattung.de\/index.php?rest_route=%2Fwp%2Fv2%2Fcomments&post=189"}],"version-history":[{"count":1,"href":"https:\/\/werner-bestattung.de\/index.php?rest_route=\/wp\/v2\/pages\/189\/revisions"}],"predecessor-version":[{"id":200,"href":"https:\/\/werner-bestattung.de\/index.php?rest_route=\/wp\/v2\/pages\/189\/revisions\/200"}],"wp:attachment":[{"href":"https:\/\/werner-bestattung.de\/index.php?rest_route=%2Fwp%2Fv2%2Fmedia&parent=189"}],"curies":[{"name":"wp","href":"https:\/\/api.w.org\/{rel}","templated":true}]}}