{"id":190,"date":"2024-03-12T12:01:40","date_gmt":"2024-03-12T12:01:40","guid":{"rendered":"https:\/\/werner-bestattung.de\/?page_id=190"},"modified":"2024-03-12T12:01:40","modified_gmt":"2024-03-12T12:01:40","slug":"leistungen","status":"publish","type":"page","link":"https:\/\/werner-bestattung.de\/?page_id=190","title":{"rendered":"LEISTUNGEN"},"content":{"rendered":"<div class=\"wpb-content-wrapper\"><p>[vc_row css=&#8220;.vc_custom_1620827677387{margin-bottom: 0px !important;padding-top: 60px !important;padding-bottom: 60px !important;}&#8220;][vc_column]<div class=\"dt-fancy-separator title-left h3-size accent-title-color accent-border-color\" style=\"width: 100%;\"><div class=\"dt-fancy-title\"><span class=\"separator-holder separator-left\"><\/span>Unsere Dienstleistungen im \u00dcberblick<span class=\"separator-holder separator-right\"><\/span><\/div><\/div>[vc_empty_space][vc_column_text]Im Folgenden finden Sie eine Auswahl an Leistungen und Services, die wir f\u00fcr Sie \u00fcbernehmen oder abwickeln k\u00f6nnen. Zu all unseren Dienstleistungspartnern pflegen wir ein langj\u00e4hriges, vertrauensvolles und professionelles Verh\u00e4ltnis und sch\u00e4tzen eine offene und unkomplizierte Zusammenarbeit.[\/vc_column_text][\/vc_column][\/vc_row][vc_row css=&#8220;.vc_custom_1620848013939{padding-top: 30px !important;padding-bottom: 30px !important;}&#8220;][vc_column width=&#8220;1\/6&#8243;][vc_single_image image=&#8220;70&#8243; img_size=&#8220;100&#215;100&#8243; alignment=&#8220;center&#8220; css=&#8220;.vc_custom_1620847255169{padding-top: 10px !important;padding-bottom: 10px !important;}&#8220;][\/vc_column][vc_column width=&#8220;2\/6&#8243;]<div class=\"dt-fancy-separator title-left h4-size style-disabled accent-title-color accent-border-color\" style=\"width: 100%;\"><div class=\"dt-fancy-title\"><span class=\"separator-holder separator-left\"><\/span>Abschiedsworte<span class=\"separator-holder separator-right\"><\/span><\/div><\/div>[vc_empty_space height=&#8220;20px&#8220;][vc_column_text]<\/p>\n<p style=\"text-align: left;\">Wir vermitteln Trauerredner\/innen f\u00fcr weltliche Trauerfeiern und christliche Abschiede in verschiedenen Sprachen.<\/p>\n<p>[\/vc_column_text][\/vc_column][vc_column width=&#8220;1\/6&#8243;][vc_single_image image=&#8220;75&#8243; img_size=&#8220;100&#215;100&#8243; alignment=&#8220;center&#8220; css=&#8220;.vc_custom_1620847260152{padding-top: 10px !important;padding-bottom: 10px !important;}&#8220;][\/vc_column][vc_column width=&#8220;2\/6&#8243;]<div class=\"dt-fancy-separator title-left h4-size style-disabled accent-title-color accent-border-color\" style=\"width: 100%;\"><div class=\"dt-fancy-title\"><span class=\"separator-holder separator-left\"><\/span>Hinterbliebenenrente<span class=\"separator-holder separator-right\"><\/span><\/div><\/div>[vc_empty_space height=&#8220;20px&#8220;][vc_column_text]<\/p>\n<p style=\"text-align: left;\">Bitte sprechen Sie uns an, wenn Sie Unterst\u00fctzung bei der Beantragung ihrer Witwen-\/Witwerrente ben\u00f6tigen.<\/p>\n<p>[\/vc_column_text][\/vc_column][\/vc_row][vc_row css=&#8220;.vc_custom_1620847668688{padding-top: 30px !important;padding-bottom: 30px !important;}&#8220;][vc_column width=&#8220;1\/6&#8243;][vc_single_image image=&#8220;71&#8243; img_size=&#8220;100&#215;100&#8243; alignment=&#8220;center&#8220; css=&#8220;.vc_custom_1620847721180{padding-top: 10px !important;padding-bottom: 10px !important;}&#8220;][\/vc_column][vc_column width=&#8220;2\/6&#8243;]<div class=\"dt-fancy-separator title-left h4-size style-disabled accent-title-color accent-border-color\" style=\"width: 100%;\"><div class=\"dt-fancy-title\"><span class=\"separator-holder separator-left\"><\/span>Bestattungsform<span class=\"separator-holder separator-right\"><\/span><\/div><\/div>[vc_empty_space height=&#8220;20px&#8220;][vc_column_text]<\/p>\n<p style=\"text-align: left;\">Es gibt eine Vielzahl von w\u00fcrdevollen Bestattungsarten. Wir informieren Sie gerne \u00fcber die M\u00f6glichkeiten von Erd-, Feuer-, Natur- oder Seebestattungen.<\/p>\n<p>[\/vc_column_text][\/vc_column][vc_column width=&#8220;1\/6&#8243;][vc_single_image image=&#8220;76&#8243; img_size=&#8220;100&#215;100&#8243; alignment=&#8220;center&#8220; css=&#8220;.vc_custom_1620847731741{padding-top: 10px !important;padding-bottom: 10px !important;}&#8220;][\/vc_column][vc_column width=&#8220;2\/6&#8243;]<div class=\"dt-fancy-separator title-left h4-size style-disabled accent-title-color accent-border-color\" style=\"width: 100%;\"><div class=\"dt-fancy-title\"><span class=\"separator-holder separator-left\"><\/span>Letzte Ruhe<span class=\"separator-holder separator-right\"><\/span><\/div><\/div>[vc_empty_space height=&#8220;20px&#8220;][vc_column_text]<\/p>\n<p style=\"text-align: left;\">Abgeschieden, im Schatten eines Baumes, gut erreichbar oder in der N\u00e4he von fr\u00fcheren Bekannten &#8211; Bei der Auswahl einer passenden Grabstelle helfen wir Ihnen gern.<\/p>\n<p>[\/vc_column_text][\/vc_column][\/vc_row][vc_row css=&#8220;.vc_custom_1620848022557{padding-top: 30px !important;padding-bottom: 30px !important;}&#8220;][vc_column width=&#8220;1\/6&#8243;][vc_single_image image=&#8220;72&#8243; img_size=&#8220;100&#215;100&#8243; alignment=&#8220;center&#8220; css=&#8220;.vc_custom_1620847400643{padding-top: 10px !important;padding-bottom: 10px !important;}&#8220;][\/vc_column][vc_column width=&#8220;2\/6&#8243;]<div class=\"dt-fancy-separator title-left h4-size style-disabled accent-title-color accent-border-color\" style=\"width: 100%;\"><div class=\"dt-fancy-title\"><span class=\"separator-holder separator-left\"><\/span>B\u00fcrokratie &amp; Beh\u00f6rden<span class=\"separator-holder separator-right\"><\/span><\/div><\/div>[vc_empty_space height=&#8220;20px&#8220;][vc_column_text]<\/p>\n<p style=\"text-align: left;\">Wir f\u00fchren Sie sicher durch die umfangreiche und teilweise un\u00fcbersichtliche Kommunikation mit Beh\u00f6rden und erledigen s\u00e4mtliche Formalit\u00e4ten.<\/p>\n<p>[\/vc_column_text][\/vc_column][vc_column width=&#8220;1\/6&#8243;][vc_single_image image=&#8220;77&#8243; img_size=&#8220;100&#215;100&#8243; alignment=&#8220;center&#8220; css=&#8220;.vc_custom_1620847434195{padding-top: 10px !important;padding-bottom: 10px !important;}&#8220;][\/vc_column][vc_column width=&#8220;2\/6&#8243;]<div class=\"dt-fancy-separator title-left h4-size style-disabled accent-title-color accent-border-color\" style=\"width: 100%;\"><div class=\"dt-fancy-title\"><span class=\"separator-holder separator-left\"><\/span>S\u00e4rge und Urnen<span class=\"separator-holder separator-right\"><\/span><\/div><\/div>[vc_empty_space height=&#8220;20px&#8220;][vc_column_text]<\/p>\n<p style=\"text-align: left;\">Aus Erfahrung empfehlen wir, sich die Auswahl in unseren Ausstellungsr\u00e4umen in Ruhe anzusehen, um ein Gef\u00fchl daf\u00fcr zu bekommen, welche Unterschiede und M\u00f6glichkeiten es gibt.<\/p>\n<p>[\/vc_column_text][\/vc_column][\/vc_row][vc_row css=&#8220;.vc_custom_1620847675878{padding-top: 30px !important;padding-bottom: 30px !important;}&#8220;][vc_column width=&#8220;1\/6&#8243;][vc_single_image image=&#8220;73&#8243; img_size=&#8220;100&#215;100&#8243; alignment=&#8220;center&#8220; css=&#8220;.vc_custom_1620847480923{padding-top: 10px !important;padding-bottom: 10px !important;}&#8220;][\/vc_column][vc_column width=&#8220;2\/6&#8243;]<div class=\"dt-fancy-separator title-left h4-size style-disabled accent-title-color accent-border-color\" style=\"width: 100%;\"><div class=\"dt-fancy-title\"><span class=\"separator-holder separator-left\"><\/span>Finanzplan<span class=\"separator-holder separator-right\"><\/span><\/div><\/div>[vc_empty_space height=&#8220;20px&#8220;][vc_column_text]Eine Bestattung erfordert zahlreiche zeitnahe Entscheidungen, die die Gesamtkosten beeinflussen. Oft geht es darum, Priorit\u00e4ten festzulegen und die Vorstellungen und W\u00fcnsche des Verstorbenen zu erf\u00fcllen, so gut es geht.<\/p>\n<div><\/div>\n<p>Wir kalkulieren ganz offen mit Ihnen und richten uns nach Ihrem finanziellen Rahmen.<\/p>\n<div><\/div>\n<p>Selbstverst\u00e4ndlich sind wir auch Ansprechpartner f\u00fcr eine fr\u00fchzeitige Finanzierung und Planung, damit im Falle Ihres eigenen Ablebens die Hinterbliebenen genau nach Ihren W\u00fcnschen handeln k\u00f6nnen.[\/vc_column_text][\/vc_column][vc_column width=&#8220;1\/6&#8243;][vc_single_image image=&#8220;78&#8243; img_size=&#8220;100&#215;100&#8243; alignment=&#8220;center&#8220; css=&#8220;.vc_custom_1620847519970{padding-top: 10px !important;padding-bottom: 10px !important;}&#8220;][\/vc_column][vc_column width=&#8220;2\/6&#8243;]<div class=\"dt-fancy-separator title-left h4-size style-disabled accent-title-color accent-border-color\" style=\"width: 100%;\"><div class=\"dt-fancy-title\"><span class=\"separator-holder separator-left\"><\/span>Trauerkarten &amp; Anzeigen<span class=\"separator-holder separator-right\"><\/span><\/div><\/div>[vc_empty_space height=&#8220;20px&#8220;][vc_column_text]<\/p>\n<p style=\"text-align: left;\">Hochwertige, schnelle Information \u2013 wir helfen unter anderem bei der Formulierung, entwerfen und drucken f\u00fcr Sie und k\u00fcmmern uns um Zeitungsanzeigen sowie den Versand Ihrer Trauer- und Danksagungskarten.<\/p>\n<p>[\/vc_column_text][\/vc_column][\/vc_row][vc_row css=&#8220;.vc_custom_1620848032024{padding-top: 30px !important;padding-bottom: 30px !important;}&#8220;][vc_column width=&#8220;1\/6&#8243;][vc_single_image image=&#8220;74&#8243; img_size=&#8220;100&#215;100&#8243; alignment=&#8220;center&#8220; css=&#8220;.vc_custom_1620847843705{padding-top: 10px !important;padding-bottom: 10px !important;}&#8220;][\/vc_column][vc_column width=&#8220;2\/6&#8243;]<div class=\"dt-fancy-separator title-left h4-size style-disabled accent-title-color accent-border-color\" style=\"width: 100%;\"><div class=\"dt-fancy-title\"><span class=\"separator-holder separator-left\"><\/span>Floristik<span class=\"separator-holder separator-right\"><\/span><\/div><\/div>[vc_empty_space height=&#8220;20px&#8220;][vc_column_text]Von dezent-reduziert bis hin zu bunt und das Leben feiernd \u2013 die W\u00fcnsche der Verstorbenen sind so vielf\u00e4ltig wie die M\u00f6glichkeiten der Umsetzung. Gemeinsam mit Ihnen finden wir die passende Blumendekoration f\u00fcr diesen besonderen Abschied.[\/vc_column_text][\/vc_column][vc_column width=&#8220;1\/6&#8243;][vc_single_image image=&#8220;79&#8243; img_size=&#8220;100&#215;100&#8243; alignment=&#8220;center&#8220; css=&#8220;.vc_custom_1620847853582{padding-top: 10px !important;padding-bottom: 10px !important;}&#8220;][\/vc_column][vc_column width=&#8220;2\/6&#8243;]<div class=\"dt-fancy-separator title-left h4-size style-disabled accent-title-color accent-border-color\" style=\"width: 100%;\"><div class=\"dt-fancy-title\"><span class=\"separator-holder separator-left\"><\/span>\u00dcberf\u00fchrung<span class=\"separator-holder separator-right\"><\/span><\/div><\/div>[vc_empty_space height=&#8220;20px&#8220;][vc_column_text]<\/p>\n<p style=\"text-align: left;\">Wir \u00fcbernehmen die \u00dcberf\u00fchrung und s\u00e4mtliche damit verbundenen Formalit\u00e4ten im In- und Ausland.<\/p>\n<p>[\/vc_column_text][\/vc_column][\/vc_row]<\/p>\n<\/div>","protected":false},"excerpt":{"rendered":"<p>[vc_row css=&#8220;.vc_custom_1620827677387{margin-bottom: 0px !important;padding-top: 60px !important;padding-bottom: 60px !important;}&#8220;][vc_column][vc_empty_space][vc_column_text]Im Folgenden finden Sie eine Auswahl an Leistungen und Services, die wir f\u00fcr Sie \u00fcbernehmen oder abwickeln k\u00f6nnen. Zu all unseren Dienstleistungspartnern pflegen wir ein langj\u00e4hriges, vertrauensvolles und professionelles Verh\u00e4ltnis und sch\u00e4tzen eine offene und unkomplizierte Zusammenarbeit.[\/vc_column_text][\/vc_column][\/vc_row][vc_row css=&#8220;.vc_custom_1620848013939{padding-top: 30px !important;padding-bottom: 30px !important;}&#8220;][vc_column width=&#8220;1\/6&#8243;][vc_single_image image=&#8220;70&#8243; img_size=&#8220;100&#215;100&#8243; alignment=&#8220;center&#8220; css=&#8220;.vc_custom_1620847255169{padding-top: 10px&hellip;<\/p>\n","protected":false},"author":1,"featured_media":0,"parent":0,"menu_order":0,"comment_status":"closed","ping_status":"closed","template":"","meta":{"footnotes":""},"class_list":["post-190","page","type-page","status-publish","hentry","description-off"],"yoast_head":"<!-- This site is optimized with the Yoast SEO plugin v27.3 - https:\/\/yoast.com\/product\/yoast-seo-wordpress\/ -->\n<title>LEISTUNGEN - Bestattunghaus Werner<\/title>\n<meta name=\"robots\" content=\"index, follow, max-snippet:-1, max-image-preview:large, max-video-preview:-1\" \/>\n<link rel=\"canonical\" href=\"https:\/\/werner-bestattung.de\/?page_id=190\" \/>\n<meta property=\"og:locale\" content=\"de_DE\" \/>\n<meta property=\"og:type\" content=\"article\" \/>\n<meta property=\"og:title\" content=\"LEISTUNGEN - Bestattunghaus Werner\" \/>\n<meta property=\"og:description\" content=\"[vc_row css=&#8220;.vc_custom_1620827677387{margin-bottom: 0px !important;padding-top: 60px !important;padding-bottom: 60px !important;}&#8220;][vc_column][vc_empty_space][vc_column_text]Im Folgenden finden Sie eine Auswahl an Leistungen und Services, die wir f\u00fcr Sie \u00fcbernehmen oder abwickeln k\u00f6nnen. Zu all unseren Dienstleistungspartnern pflegen wir ein langj\u00e4hriges, vertrauensvolles und professionelles Verh\u00e4ltnis und sch\u00e4tzen eine offene und unkomplizierte Zusammenarbeit.[\/vc_column_text][\/vc_column][\/vc_row][vc_row css=&#8220;.vc_custom_1620848013939{padding-top: 30px !important;padding-bottom: 30px !important;}&#8220;][vc_column width=&#8220;1\/6&#8243;][vc_single_image image=&#8220;70&#8243; img_size=&#8220;100&#215;100&#8243; alignment=&#8220;center&#8220; css=&#8220;.vc_custom_1620847255169{padding-top: 10px&hellip;\" \/>\n<meta property=\"og:url\" content=\"https:\/\/werner-bestattung.de\/?page_id=190\" \/>\n<meta property=\"og:site_name\" content=\"Bestattunghaus Werner\" \/>\n<meta name=\"twitter:card\" content=\"summary_large_image\" \/>\n<meta name=\"twitter:label1\" content=\"Gesch\u00e4tzte Lesezeit\" \/>\n\t<meta name=\"twitter:data1\" content=\"3\u00a0Minuten\" \/>\n<script type=\"application\/ld+json\" class=\"yoast-schema-graph\">{\"@context\":\"https:\\\/\\\/schema.org\",\"@graph\":[{\"@type\":\"WebPage\",\"@id\":\"https:\\\/\\\/werner-bestattung.de\\\/?page_id=190\",\"url\":\"https:\\\/\\\/werner-bestattung.de\\\/?page_id=190\",\"name\":\"LEISTUNGEN - Bestattunghaus Werner\",\"isPartOf\":{\"@id\":\"https:\\\/\\\/werner-bestattung.de\\\/#website\"},\"datePublished\":\"2024-03-12T12:01:40+00:00\",\"breadcrumb\":{\"@id\":\"https:\\\/\\\/werner-bestattung.de\\\/?page_id=190#breadcrumb\"},\"inLanguage\":\"de\",\"potentialAction\":[{\"@type\":\"ReadAction\",\"target\":[\"https:\\\/\\\/werner-bestattung.de\\\/?page_id=190\"]}]},{\"@type\":\"BreadcrumbList\",\"@id\":\"https:\\\/\\\/werner-bestattung.de\\\/?page_id=190#breadcrumb\",\"itemListElement\":[{\"@type\":\"ListItem\",\"position\":1,\"name\":\"Startseite\",\"item\":\"https:\\\/\\\/werner-bestattung.de\\\/\"},{\"@type\":\"ListItem\",\"position\":2,\"name\":\"LEISTUNGEN\"}]},{\"@type\":\"WebSite\",\"@id\":\"https:\\\/\\\/werner-bestattung.de\\\/#website\",\"url\":\"https:\\\/\\\/werner-bestattung.de\\\/\",\"name\":\"Bestattunghaus Werner\",\"description\":\"Bestattungen in Steinbach und Umgebung\",\"potentialAction\":[{\"@type\":\"SearchAction\",\"target\":{\"@type\":\"EntryPoint\",\"urlTemplate\":\"https:\\\/\\\/werner-bestattung.de\\\/?s={search_term_string}\"},\"query-input\":{\"@type\":\"PropertyValueSpecification\",\"valueRequired\":true,\"valueName\":\"search_term_string\"}}],\"inLanguage\":\"de\"}]}<\/script>\n<!-- \/ Yoast SEO plugin. -->","yoast_head_json":{"title":"LEISTUNGEN - Bestattunghaus Werner","robots":{"index":"index","follow":"follow","max-snippet":"max-snippet:-1","max-image-preview":"max-image-preview:large","max-video-preview":"max-video-preview:-1"},"canonical":"https:\/\/werner-bestattung.de\/?page_id=190","og_locale":"de_DE","og_type":"article","og_title":"LEISTUNGEN - Bestattunghaus Werner","og_description":"[vc_row css=&#8220;.vc_custom_1620827677387{margin-bottom: 0px !important;padding-top: 60px !important;padding-bottom: 60px !important;}&#8220;][vc_column][vc_empty_space][vc_column_text]Im Folgenden finden Sie eine Auswahl an Leistungen und Services, die wir f\u00fcr Sie \u00fcbernehmen oder abwickeln k\u00f6nnen. Zu all unseren Dienstleistungspartnern pflegen wir ein langj\u00e4hriges, vertrauensvolles und professionelles Verh\u00e4ltnis und sch\u00e4tzen eine offene und unkomplizierte Zusammenarbeit.[\/vc_column_text][\/vc_column][\/vc_row][vc_row css=&#8220;.vc_custom_1620848013939{padding-top: 30px !important;padding-bottom: 30px !important;}&#8220;][vc_column width=&#8220;1\/6&#8243;][vc_single_image image=&#8220;70&#8243; img_size=&#8220;100&#215;100&#8243; alignment=&#8220;center&#8220; css=&#8220;.vc_custom_1620847255169{padding-top: 10px&hellip;","og_url":"https:\/\/werner-bestattung.de\/?page_id=190","og_site_name":"Bestattunghaus Werner","twitter_card":"summary_large_image","twitter_misc":{"Gesch\u00e4tzte Lesezeit":"3\u00a0Minuten"},"schema":{"@context":"https:\/\/schema.org","@graph":[{"@type":"WebPage","@id":"https:\/\/werner-bestattung.de\/?page_id=190","url":"https:\/\/werner-bestattung.de\/?page_id=190","name":"LEISTUNGEN - Bestattunghaus Werner","isPartOf":{"@id":"https:\/\/werner-bestattung.de\/#website"},"datePublished":"2024-03-12T12:01:40+00:00","breadcrumb":{"@id":"https:\/\/werner-bestattung.de\/?page_id=190#breadcrumb"},"inLanguage":"de","potentialAction":[{"@type":"ReadAction","target":["https:\/\/werner-bestattung.de\/?page_id=190"]}]},{"@type":"BreadcrumbList","@id":"https:\/\/werner-bestattung.de\/?page_id=190#breadcrumb","itemListElement":[{"@type":"ListItem","position":1,"name":"Startseite","item":"https:\/\/werner-bestattung.de\/"},{"@type":"ListItem","position":2,"name":"LEISTUNGEN"}]},{"@type":"WebSite","@id":"https:\/\/werner-bestattung.de\/#website","url":"https:\/\/werner-bestattung.de\/","name":"Bestattunghaus Werner","description":"Bestattungen in Steinbach und Umgebung","potentialAction":[{"@type":"SearchAction","target":{"@type":"EntryPoint","urlTemplate":"https:\/\/werner-bestattung.de\/?s={search_term_string}"},"query-input":{"@type":"PropertyValueSpecification","valueRequired":true,"valueName":"search_term_string"}}],"inLanguage":"de"}]}},"_links":{"self":[{"href":"https:\/\/werner-bestattung.de\/index.php?rest_route=\/wp\/v2\/pages\/190","targetHints":{"allow":["GET"]}}],"collection":[{"href":"https:\/\/werner-bestattung.de\/index.php?rest_route=\/wp\/v2\/pages"}],"about":[{"href":"https:\/\/werner-bestattung.de\/index.php?rest_route=\/wp\/v2\/types\/page"}],"author":[{"embeddable":true,"href":"https:\/\/werner-bestattung.de\/index.php?rest_route=\/wp\/v2\/users\/1"}],"replies":[{"embeddable":true,"href":"https:\/\/werner-bestattung.de\/index.php?rest_route=%2Fwp%2Fv2%2Fcomments&post=190"}],"version-history":[{"count":1,"href":"https:\/\/werner-bestattung.de\/index.php?rest_route=\/wp\/v2\/pages\/190\/revisions"}],"predecessor-version":[{"id":199,"href":"https:\/\/werner-bestattung.de\/index.php?rest_route=\/wp\/v2\/pages\/190\/revisions\/199"}],"wp:attachment":[{"href":"https:\/\/werner-bestattung.de\/index.php?rest_route=%2Fwp%2Fv2%2Fmedia&parent=190"}],"curies":[{"name":"wp","href":"https:\/\/api.w.org\/{rel}","templated":true}]}}