{"id":194,"date":"2024-03-12T12:01:53","date_gmt":"2024-03-12T12:01:53","guid":{"rendered":"https:\/\/werner-bestattung.de\/?page_id=194"},"modified":"2024-03-12T12:01:53","modified_gmt":"2024-03-12T12:01:53","slug":"vorsorge","status":"publish","type":"page","link":"https:\/\/werner-bestattung.de\/?page_id=194","title":{"rendered":"VORSORGE"},"content":{"rendered":"<div class=\"wpb-content-wrapper\"><p>[vc_row css=&#8220;.vc_custom_1620827677387{margin-bottom: 0px !important;padding-top: 60px !important;padding-bottom: 60px !important;}&#8220;][vc_column]<div class=\"dt-fancy-separator title-left h3-size accent-title-color accent-border-color\" style=\"width: 100%;\"><div class=\"dt-fancy-title\"><span class=\"separator-holder separator-left\"><\/span>SORGEN SIE VOR \u2013 DAS SIND SIE SICH WERT<span class=\"separator-holder separator-right\"><\/span><\/div><\/div>[vc_empty_space][vc_column_text]<strong>Unter uns: Sie k\u00f6nnen nat\u00fcrlich nicht sicher sein, dass nach Ihrem eigenen Ableben Alles so gemacht wird, wie Sie es gerne h\u00e4tten. Aber gemeinsam mit uns k\u00f6nnen wir Einiges daf\u00fcr tun, dass es kaum eine andere Wahl gibt \u2013 und vor Allem, dass andere w\u00e4hrend tiefer Trauer nicht die Qual der Wahl haben.<\/strong><\/p>\n<p>Es geht in erster Linie darum, wie Sie sich Ihre Bestattung w\u00fcnschen \u2013 und im Weiteren nat\u00fcrlich auch darum, dass die Hinterbliebenen mit der Umsetzung nicht komplett bei Null anfangen m\u00fcssen.<\/p>\n<p>Das klingt erstmal ziemlich \u00fcberw\u00e4ltigend, aber wir versichern Ihnen: Wir kriegen das hin \u2013 h\u00f6chstwahrscheinlich sogar mit einigem Schmunzeln und Ideen, die Sie so vielleicht noch gar nicht kannten.<\/p>\n<p>Denn die Planung h\u00f6rt nicht auf, nachdem Sie entschieden haben, ob Sie beerdigt oder verbrannt werden m\u00f6chten. Dann geht\u2019s eigentlich erst los. Wer soll informiert werden \u2013 und auf welchen Wegen? Wen m\u00f6chten Sie vielleicht in einer Trauerfeier als Redner einbinden? Gibt es besondere Musikst\u00fccke, die Sie spielen lassen wollen\u2026. Und so weiter.<\/p>\n<p>Sprechen Sie mit uns \u2013 gerne auch zusammen mit der Person, die sich gemeinsam mit uns darum k\u00fcmmern wird, und wir tun alles, damit Sie \u201cin Ruhe ruhen\u201c k\u00f6nnen.[\/vc_column_text][\/vc_column][\/vc_row]<\/p>\n<\/div>","protected":false},"excerpt":{"rendered":"<p>[vc_row css=&#8220;.vc_custom_1620827677387{margin-bottom: 0px !important;padding-top: 60px !important;padding-bottom: 60px !important;}&#8220;][vc_column][vc_empty_space][vc_column_text]Unter uns: Sie k\u00f6nnen nat\u00fcrlich nicht sicher sein, dass nach Ihrem eigenen Ableben Alles so gemacht wird, wie Sie es gerne h\u00e4tten. Aber gemeinsam mit uns k\u00f6nnen wir Einiges daf\u00fcr tun, dass es kaum eine andere Wahl gibt \u2013 und vor Allem, dass andere w\u00e4hrend tiefer Trauer nicht&hellip;<\/p>\n","protected":false},"author":1,"featured_media":0,"parent":0,"menu_order":0,"comment_status":"closed","ping_status":"closed","template":"","meta":{"footnotes":""},"class_list":["post-194","page","type-page","status-publish","hentry","description-off"],"yoast_head":"<!-- This site is optimized with the Yoast SEO plugin v27.3 - https:\/\/yoast.com\/product\/yoast-seo-wordpress\/ -->\n<title>VORSORGE - Bestattunghaus Werner<\/title>\n<meta name=\"robots\" content=\"index, follow, max-snippet:-1, max-image-preview:large, max-video-preview:-1\" \/>\n<link rel=\"canonical\" href=\"https:\/\/werner-bestattung.de\/?page_id=194\" \/>\n<meta property=\"og:locale\" content=\"de_DE\" \/>\n<meta property=\"og:type\" content=\"article\" \/>\n<meta property=\"og:title\" content=\"VORSORGE - Bestattunghaus Werner\" \/>\n<meta property=\"og:description\" content=\"[vc_row css=&#8220;.vc_custom_1620827677387{margin-bottom: 0px !important;padding-top: 60px !important;padding-bottom: 60px !important;}&#8220;][vc_column][vc_empty_space][vc_column_text]Unter uns: Sie k\u00f6nnen nat\u00fcrlich nicht sicher sein, dass nach Ihrem eigenen Ableben Alles so gemacht wird, wie Sie es gerne h\u00e4tten. Aber gemeinsam mit uns k\u00f6nnen wir Einiges daf\u00fcr tun, dass es kaum eine andere Wahl gibt \u2013 und vor Allem, dass andere w\u00e4hrend tiefer Trauer nicht&hellip;\" \/>\n<meta property=\"og:url\" content=\"https:\/\/werner-bestattung.de\/?page_id=194\" \/>\n<meta property=\"og:site_name\" content=\"Bestattunghaus Werner\" \/>\n<meta name=\"twitter:card\" content=\"summary_large_image\" \/>\n<meta name=\"twitter:label1\" content=\"Gesch\u00e4tzte Lesezeit\" \/>\n\t<meta name=\"twitter:data1\" content=\"1\u00a0Minute\" \/>\n<script type=\"application\/ld+json\" class=\"yoast-schema-graph\">{\"@context\":\"https:\\\/\\\/schema.org\",\"@graph\":[{\"@type\":\"WebPage\",\"@id\":\"https:\\\/\\\/werner-bestattung.de\\\/?page_id=194\",\"url\":\"https:\\\/\\\/werner-bestattung.de\\\/?page_id=194\",\"name\":\"VORSORGE - Bestattunghaus Werner\",\"isPartOf\":{\"@id\":\"https:\\\/\\\/werner-bestattung.de\\\/#website\"},\"datePublished\":\"2024-03-12T12:01:53+00:00\",\"breadcrumb\":{\"@id\":\"https:\\\/\\\/werner-bestattung.de\\\/?page_id=194#breadcrumb\"},\"inLanguage\":\"de\",\"potentialAction\":[{\"@type\":\"ReadAction\",\"target\":[\"https:\\\/\\\/werner-bestattung.de\\\/?page_id=194\"]}]},{\"@type\":\"BreadcrumbList\",\"@id\":\"https:\\\/\\\/werner-bestattung.de\\\/?page_id=194#breadcrumb\",\"itemListElement\":[{\"@type\":\"ListItem\",\"position\":1,\"name\":\"Startseite\",\"item\":\"https:\\\/\\\/werner-bestattung.de\\\/\"},{\"@type\":\"ListItem\",\"position\":2,\"name\":\"VORSORGE\"}]},{\"@type\":\"WebSite\",\"@id\":\"https:\\\/\\\/werner-bestattung.de\\\/#website\",\"url\":\"https:\\\/\\\/werner-bestattung.de\\\/\",\"name\":\"Bestattunghaus Werner\",\"description\":\"Bestattungen in Steinbach und Umgebung\",\"potentialAction\":[{\"@type\":\"SearchAction\",\"target\":{\"@type\":\"EntryPoint\",\"urlTemplate\":\"https:\\\/\\\/werner-bestattung.de\\\/?s={search_term_string}\"},\"query-input\":{\"@type\":\"PropertyValueSpecification\",\"valueRequired\":true,\"valueName\":\"search_term_string\"}}],\"inLanguage\":\"de\"}]}<\/script>\n<!-- \/ Yoast SEO plugin. -->","yoast_head_json":{"title":"VORSORGE - Bestattunghaus Werner","robots":{"index":"index","follow":"follow","max-snippet":"max-snippet:-1","max-image-preview":"max-image-preview:large","max-video-preview":"max-video-preview:-1"},"canonical":"https:\/\/werner-bestattung.de\/?page_id=194","og_locale":"de_DE","og_type":"article","og_title":"VORSORGE - Bestattunghaus Werner","og_description":"[vc_row css=&#8220;.vc_custom_1620827677387{margin-bottom: 0px !important;padding-top: 60px !important;padding-bottom: 60px !important;}&#8220;][vc_column][vc_empty_space][vc_column_text]Unter uns: Sie k\u00f6nnen nat\u00fcrlich nicht sicher sein, dass nach Ihrem eigenen Ableben Alles so gemacht wird, wie Sie es gerne h\u00e4tten. Aber gemeinsam mit uns k\u00f6nnen wir Einiges daf\u00fcr tun, dass es kaum eine andere Wahl gibt \u2013 und vor Allem, dass andere w\u00e4hrend tiefer Trauer nicht&hellip;","og_url":"https:\/\/werner-bestattung.de\/?page_id=194","og_site_name":"Bestattunghaus Werner","twitter_card":"summary_large_image","twitter_misc":{"Gesch\u00e4tzte Lesezeit":"1\u00a0Minute"},"schema":{"@context":"https:\/\/schema.org","@graph":[{"@type":"WebPage","@id":"https:\/\/werner-bestattung.de\/?page_id=194","url":"https:\/\/werner-bestattung.de\/?page_id=194","name":"VORSORGE - Bestattunghaus Werner","isPartOf":{"@id":"https:\/\/werner-bestattung.de\/#website"},"datePublished":"2024-03-12T12:01:53+00:00","breadcrumb":{"@id":"https:\/\/werner-bestattung.de\/?page_id=194#breadcrumb"},"inLanguage":"de","potentialAction":[{"@type":"ReadAction","target":["https:\/\/werner-bestattung.de\/?page_id=194"]}]},{"@type":"BreadcrumbList","@id":"https:\/\/werner-bestattung.de\/?page_id=194#breadcrumb","itemListElement":[{"@type":"ListItem","position":1,"name":"Startseite","item":"https:\/\/werner-bestattung.de\/"},{"@type":"ListItem","position":2,"name":"VORSORGE"}]},{"@type":"WebSite","@id":"https:\/\/werner-bestattung.de\/#website","url":"https:\/\/werner-bestattung.de\/","name":"Bestattunghaus Werner","description":"Bestattungen in Steinbach und Umgebung","potentialAction":[{"@type":"SearchAction","target":{"@type":"EntryPoint","urlTemplate":"https:\/\/werner-bestattung.de\/?s={search_term_string}"},"query-input":{"@type":"PropertyValueSpecification","valueRequired":true,"valueName":"search_term_string"}}],"inLanguage":"de"}]}},"_links":{"self":[{"href":"https:\/\/werner-bestattung.de\/index.php?rest_route=\/wp\/v2\/pages\/194","targetHints":{"allow":["GET"]}}],"collection":[{"href":"https:\/\/werner-bestattung.de\/index.php?rest_route=\/wp\/v2\/pages"}],"about":[{"href":"https:\/\/werner-bestattung.de\/index.php?rest_route=\/wp\/v2\/types\/page"}],"author":[{"embeddable":true,"href":"https:\/\/werner-bestattung.de\/index.php?rest_route=\/wp\/v2\/users\/1"}],"replies":[{"embeddable":true,"href":"https:\/\/werner-bestattung.de\/index.php?rest_route=%2Fwp%2Fv2%2Fcomments&post=194"}],"version-history":[{"count":1,"href":"https:\/\/werner-bestattung.de\/index.php?rest_route=\/wp\/v2\/pages\/194\/revisions"}],"predecessor-version":[{"id":201,"href":"https:\/\/werner-bestattung.de\/index.php?rest_route=\/wp\/v2\/pages\/194\/revisions\/201"}],"wp:attachment":[{"href":"https:\/\/werner-bestattung.de\/index.php?rest_route=%2Fwp%2Fv2%2Fmedia&parent=194"}],"curies":[{"name":"wp","href":"https:\/\/api.w.org\/{rel}","templated":true}]}}