{"id":23,"date":"2021-05-11T13:45:54","date_gmt":"2021-05-11T13:45:54","guid":{"rendered":"http:\/\/werner-bestattung.de\/?page_id=23"},"modified":"2021-06-08T13:20:48","modified_gmt":"2021-06-08T13:20:48","slug":"startseite","status":"publish","type":"page","link":"https:\/\/werner-bestattung.de\/","title":{"rendered":"STARTSEITE"},"content":{"rendered":"<div class=\"wpb-content-wrapper\"><p>[vc_row full_width=&#8220;stretch_row_content_no_spaces&#8220; equal_height=&#8220;yes&#8220; content_placement=&#8220;top&#8220; bg_type=&#8220;image&#8220; parallax_style=&#8220;vcpb-vz-jquery&#8220; bg_image_new=&#8220;id^144|url^http:\/\/werner-bestattung.de\/wp-content\/uploads\/2021\/06\/BG_Bestattung.jpg|caption^null|alt^Bestattungshaus Margit Werner &#8211; Steinbach|title^BG_Bestattung|description^null&#8220; bg_image_repeat=&#8220;no-repeat&#8220; disable_on_mobile_img_parallax=&#8220;disable_on_mobile_img_parallax_value&#8220;][vc_column][vc_empty_space height=&#8220;40px&#8220;]<style type=\"text\/css\" data-type=\"the7_shortcodes-inline-css\">.shortcode-single-image-wrap.shortcode-single-image-4223757644c27e3f43c6618e15290230.enable-bg-rollover .rollover i,\n.shortcode-single-image-wrap.shortcode-single-image-4223757644c27e3f43c6618e15290230.enable-bg-rollover .rollover-video i {\n  background: -webkit-linear-gradient();\n  background: linear-gradient();\n}\n.shortcode-single-image-wrap.shortcode-single-image-4223757644c27e3f43c6618e15290230 .rollover-icon {\n  font-size: 32px;\n  color: #ffffff;\n  min-width: 44px;\n  min-height: 44px;\n  line-height: 44px;\n  border-radius: 100px;\n  border-style: solid;\n  border-width: 0px;\n}\n.dt-icon-bg-on.shortcode-single-image-wrap.shortcode-single-image-4223757644c27e3f43c6618e15290230 .rollover-icon {\n  background: rgba(255,255,255,0.3);\n  box-shadow: none;\n}<\/style><div class=\"shortcode-single-image-wrap shortcode-single-image-4223757644c27e3f43c6618e15290230 alignnone  enable-bg-rollover dt-icon-bg-off\" style=\"margin-top:0px; margin-bottom:0px; margin-left:0px; margin-right:0px; width:500px;\"><div class=\"shortcode-single-image\"><div class=\"fancy-media-wrap  layzr-bg\" style=\"\"><img fetchpriority=\"high\" decoding=\"async\" class=\"preload-me lazy-load aspect\" src=\"data:image\/svg+xml,%3Csvg%20xmlns%3D&#39;http%3A%2F%2Fwww.w3.org%2F2000%2Fsvg&#39;%20viewBox%3D&#39;0%200%20500%20210&#39;%2F%3E\" data-src=\"https:\/\/werner-bestattung.de\/wp-content\/uploads\/2021\/04\/Logo-500x210.png\" data-srcset=\"https:\/\/werner-bestattung.de\/wp-content\/uploads\/2021\/04\/Logo-500x210.png 500w, https:\/\/werner-bestattung.de\/wp-content\/uploads\/2021\/04\/Logo.png 800w\" loading=\"eager\" sizes=\"(max-width: 500px) 100vw, 500px\" width=\"500\" height=\"210\"  data-dt-location=\"https:\/\/werner-bestattung.de\/?attachment_id=10\" style=\"--ratio: 500 \/ 210;\" alt=\"Bestattungshaus Margit Werner - Steinbach\" \/><\/div><\/div><\/div>[vc_empty_space height=&#8220;70px&#8220;][vc_column_text]<\/p>\n<h2 id=\"sp-lripg3\" class=\"sp-css-target\" style=\"text-align: center;\"><strong>Wir sind Tag und Nacht f\u00fcr Sie erreichtbar!<\/strong><\/h2>\n<p>[\/vc_column_text][vc_empty_space height=&#8220;100px&#8220;][\/vc_column][\/vc_row][vc_row css=&#8220;.vc_custom_1620827677387{margin-bottom: 0px !important;padding-top: 60px !important;padding-bottom: 60px !important;}&#8220;][vc_column]<div class=\"dt-fancy-separator title-left h3-size accent-title-color accent-border-color\" style=\"width: 100%;\"><div class=\"dt-fancy-title\"><span class=\"separator-holder separator-left\"><\/span>Wir verzichten an dieser Stelle auf ein \u201eHerzlich Willkommen\u201c \u2013 denn wir wissen genau, dass die Gr\u00fcnde, die Sie auf unsere Website f\u00fchren, traurig sind.<span class=\"separator-holder separator-right\"><\/span><\/div><\/div>[\/vc_column][vc_column width=&#8220;1\/2&#8243;][vc_column_text]Aber: Hier sind Sie richtig. Wir vom Bestattungshaus Werner &#8211; Deterding m\u00f6chten Ihnen von Anfang an ein gutes Gef\u00fchl geben \u2013 und Ihnen in dieser schweren Zeit nicht nur die b\u00fcrokratischen Schritte abnehmen, sondern auch da sein als Menschen, die verstehen. Die Sie verstehen, die verstehen, was zu tun ist und die verstehen, dass Sie die Welt nicht mehr verstehen.<\/p>\n<p>Ob Sie aufgrund des Todes eines Ihnen nahestehenden Menschen unverz\u00fcglich Hilfe und Support ben\u00f6tigen, oder aber sich aufgrund eines voraussehbaren Abschieds informieren m\u00f6chten \u2013 Wir sind da, um Sie zu begleiten und zu beraten.[\/vc_column_text][\/vc_column][vc_column width=&#8220;1\/2&#8243;][vc_column_text]Das Bestattungshaus Werner &#8211; Deterding wurde Anfang 2020 gegr\u00fcndet, um auch in Steinbach und Umgebung f\u00fcr Sie da sein zu k\u00f6nnen.<\/p>\n<p>Pers\u00f6nlich, zuverl\u00e4ssig und w\u00fcrdevoll k\u00fcmmern wir uns um die Organisation des Abschieds, ganz so, wie der Verstorbene und Sie es w\u00fcnschen.<\/p>\n<p>Wir sind f\u00fcr Sie jederzeit erreichbar \u2013 bitte rufen Sie uns an.[\/vc_column_text][\/vc_column][\/vc_row][vc_row bg_type=&#8220;bg_color&#8220; bg_override=&#8220;full&#8220; css=&#8220;.vc_custom_1620827638613{margin-top: 0px !important;margin-bottom: 0px !important;padding-top: 60px !important;padding-bottom: 60px !important;}&#8220; bg_color_value=&#8220;#f7f7f7&#8243;][vc_column]<div class=\"dt-fancy-separator title-left h3-size style-disabled accent-title-color accent-border-color\" style=\"width: 100%;\"><div class=\"dt-fancy-title\"><span class=\"separator-holder separator-left\"><\/span>Was ist zu tun, wenn ein Angeh\u00f6riger zuhause verstirbt?<span class=\"separator-holder separator-right\"><\/span><\/div><\/div>[vc_empty_space][\/vc_column][vc_column width=&#8220;1\/2&#8243;][vc_column_text]Zun\u00e4chst muss der Tod offiziell durch einen Arzt \u201efestgestellt\u201c werden, daher rufen Sie am besten als erstes Ihren Arzt oder die <strong>116 117<\/strong> an und bitten darum, dass ein Arzt kurzfristig zu Ihnen nach Hause kommt, von diesem Arzt erhalten Sie dann auch die Sterbebescheinigung (den sogenannten \u201eTotenschein\u201c).<\/p>\n<p>Unser Telefon ist rund um die Uhr besetzt, damit wir sofort zur Stelle sind, um die n\u00e4chsten Schritte zu besprechen.[\/vc_column_text][\/vc_column][vc_column width=&#8220;1\/2&#8243;][vc_column_text]Im Regelfall ben\u00f6tigen wir einige Unterlagen von Ihnen bzw. dem Verstorbenen:<\/p>\n<ul>\n<li>Personalausweis des Verstorbenen<\/li>\n<li>Geburtsurkunde des Verstorbenen<\/li>\n<li>Totenschein<\/li>\n<li>Heiratsurkunde<\/li>\n<li>Bei Geschiedenen: Scheidungsurteil mit Rechtskraftvermerk<\/li>\n<li>Bei Verwitweten: Sterbeurkunde des Ehepartners<\/li>\n<li>Rentennummer\/n<\/li>\n<li>Gesundheitskarte der Krankenkasse<\/li>\n<\/ul>\n<p>[\/vc_column_text][\/vc_column][\/vc_row][vc_row css=&#8220;.vc_custom_1620827696783{padding-top: 60px !important;padding-bottom: 60px !important;}&#8220;][vc_column]<div class=\"dt-fancy-separator title-left h3-size style-disabled accent-title-color accent-border-color\" style=\"width: 100%;\"><div class=\"dt-fancy-title\"><span class=\"separator-holder separator-left\"><\/span>Unsere Dienstleistungen im \u00dcberblick<span class=\"separator-holder separator-right\"><\/span><\/div><\/div>[vc_empty_space][\/vc_column][vc_column width=&#8220;1\/2&#8243;]<div class=\"standard-arrow list-divider bullet-top\"><ul>\n<li><b>Abschiedsworte<\/b><\/li>\n<li><b>Bestattungsform<\/b><\/li>\n<li>\n<div><b>B\u00fcrokratie &amp; Beh\u00f6rden<\/b><\/div>\n<\/li>\n<li><b>Finanzplan<\/b><\/li>\n<li><b>Floristik<\/b><\/li>\n<\/ul>\n<\/div>[\/vc_column][vc_column width=&#8220;1\/2&#8243;]<div class=\"standard-arrow list-divider bullet-top\"><ul>\n<li><b>Hinterbliebenenrente<\/b><\/li>\n<li><b>Letzte Ruhe<\/b><\/li>\n<li><b>S\u00e4rge und Urnen<\/b><\/li>\n<li>\n<div><b>Trauerkarten &amp; Anzeigen<\/b><\/div>\n<\/li>\n<li>\n<div><b>\u00dcberf\u00fchrung<\/b><\/div>\n<\/li>\n<\/ul>\n<\/div>[\/vc_column][vc_column][vc_btn title=&#8220;Erfahren Sie mehr&#8220; color=&#8220;green&#8220; size=&#8220;lg&#8220; align=&#8220;left&#8220; link=&#8220;url:http%3A%2F%2Fwerner-bestattung.de%2Fleistungen%2F|title:LEISTUNGEN&#8220;][\/vc_column][\/vc_row]<\/p>\n<\/div>","protected":false},"excerpt":{"rendered":"<p>[vc_row full_width=&#8220;stretch_row_content_no_spaces&#8220; equal_height=&#8220;yes&#8220; content_placement=&#8220;top&#8220; bg_type=&#8220;image&#8220; parallax_style=&#8220;vcpb-vz-jquery&#8220; bg_image_new=&#8220;id^144|url^http:\/\/werner-bestattung.de\/wp-content\/uploads\/2021\/06\/BG_Bestattung.jpg|caption^null|alt^Bestattungshaus Margit Werner &#8211; Steinbach|title^BG_Bestattung|description^null&#8220; bg_image_repeat=&#8220;no-repeat&#8220; disable_on_mobile_img_parallax=&#8220;disable_on_mobile_img_parallax_value&#8220;][vc_column][vc_empty_space height=&#8220;40px&#8220;][vc_empty_space height=&#8220;70px&#8220;][vc_column_text] Wir sind Tag und Nacht f\u00fcr Sie erreichtbar! [\/vc_column_text][vc_empty_space height=&#8220;100px&#8220;][\/vc_column][\/vc_row][vc_row css=&#8220;.vc_custom_1620827677387{margin-bottom: 0px !important;padding-top: 60px !important;padding-bottom: 60px !important;}&#8220;][vc_column][\/vc_column][vc_column width=&#8220;1\/2&#8243;][vc_column_text]Aber: Hier sind Sie richtig. Wir vom Bestattungshaus Werner &#8211; Deterding m\u00f6chten Ihnen von Anfang an ein gutes Gef\u00fchl geben \u2013 und Ihnen&hellip;<\/p>\n","protected":false},"author":1,"featured_media":0,"parent":0,"menu_order":0,"comment_status":"closed","ping_status":"closed","template":"","meta":{"footnotes":""},"class_list":["post-23","page","type-page","status-publish","hentry","description-off"],"yoast_head":"<!-- This site is optimized with the Yoast SEO plugin v27.3 - https:\/\/yoast.com\/product\/yoast-seo-wordpress\/ -->\n<title>Bestattungshaus Werner - Deterding in Steinbach &amp; Umgebung<\/title>\n<meta name=\"description\" content=\"Das Bestattungshaus Werner - Deterding wurde Anfang 2020 gegr\u00fcndet, um auch in Steinbach &amp; Umgebung f\u00fcr Sie da sein zu k\u00f6nnen.\" \/>\n<meta name=\"robots\" content=\"index, follow, max-snippet:-1, max-image-preview:large, max-video-preview:-1\" \/>\n<link rel=\"canonical\" href=\"https:\/\/werner-bestattung.de\/\" \/>\n<meta property=\"og:locale\" content=\"de_DE\" \/>\n<meta property=\"og:type\" content=\"article\" \/>\n<meta property=\"og:title\" content=\"Bestattungshaus Werner - Deterding in Steinbach &amp; Umgebung\" \/>\n<meta property=\"og:description\" content=\"Das Bestattungshaus Werner - Deterding wurde Anfang 2020 gegr\u00fcndet, um auch in Steinbach &amp; Umgebung f\u00fcr Sie da sein zu k\u00f6nnen.\" \/>\n<meta property=\"og:url\" content=\"https:\/\/werner-bestattung.de\/\" \/>\n<meta property=\"og:site_name\" content=\"Bestattunghaus Werner\" \/>\n<meta property=\"article:modified_time\" content=\"2021-06-08T13:20:48+00:00\" \/>\n<meta name=\"twitter:card\" content=\"summary_large_image\" \/>\n<meta name=\"twitter:label1\" content=\"Gesch\u00e4tzte Lesezeit\" \/>\n\t<meta name=\"twitter:data1\" content=\"2\u00a0Minuten\" \/>\n<script type=\"application\/ld+json\" class=\"yoast-schema-graph\">{\"@context\":\"https:\\\/\\\/schema.org\",\"@graph\":[{\"@type\":\"WebPage\",\"@id\":\"https:\\\/\\\/werner-bestattung.de\\\/\",\"url\":\"https:\\\/\\\/werner-bestattung.de\\\/\",\"name\":\"Bestattungshaus Werner - Deterding in Steinbach & Umgebung\",\"isPartOf\":{\"@id\":\"https:\\\/\\\/werner-bestattung.de\\\/#website\"},\"datePublished\":\"2021-05-11T13:45:54+00:00\",\"dateModified\":\"2021-06-08T13:20:48+00:00\",\"description\":\"Das Bestattungshaus Werner - Deterding wurde Anfang 2020 gegr\u00fcndet, um auch in Steinbach & Umgebung f\u00fcr Sie da sein zu k\u00f6nnen.\",\"breadcrumb\":{\"@id\":\"https:\\\/\\\/werner-bestattung.de\\\/#breadcrumb\"},\"inLanguage\":\"de\",\"potentialAction\":[{\"@type\":\"ReadAction\",\"target\":[\"https:\\\/\\\/werner-bestattung.de\\\/\"]}]},{\"@type\":\"BreadcrumbList\",\"@id\":\"https:\\\/\\\/werner-bestattung.de\\\/#breadcrumb\",\"itemListElement\":[{\"@type\":\"ListItem\",\"position\":1,\"name\":\"Startseite\",\"item\":\"https:\\\/\\\/werner-bestattung.de\\\/\"},{\"@type\":\"ListItem\",\"position\":2,\"name\":\"STARTSEITE\"}]},{\"@type\":\"WebSite\",\"@id\":\"https:\\\/\\\/werner-bestattung.de\\\/#website\",\"url\":\"https:\\\/\\\/werner-bestattung.de\\\/\",\"name\":\"Bestattunghaus Werner\",\"description\":\"Bestattungen in Steinbach und Umgebung\",\"potentialAction\":[{\"@type\":\"SearchAction\",\"target\":{\"@type\":\"EntryPoint\",\"urlTemplate\":\"https:\\\/\\\/werner-bestattung.de\\\/?s={search_term_string}\"},\"query-input\":{\"@type\":\"PropertyValueSpecification\",\"valueRequired\":true,\"valueName\":\"search_term_string\"}}],\"inLanguage\":\"de\"}]}<\/script>\n<!-- \/ Yoast SEO plugin. -->","yoast_head_json":{"title":"Bestattungshaus Werner - Deterding in Steinbach & Umgebung","description":"Das Bestattungshaus Werner - Deterding wurde Anfang 2020 gegr\u00fcndet, um auch in Steinbach & Umgebung f\u00fcr Sie da sein zu k\u00f6nnen.","robots":{"index":"index","follow":"follow","max-snippet":"max-snippet:-1","max-image-preview":"max-image-preview:large","max-video-preview":"max-video-preview:-1"},"canonical":"https:\/\/werner-bestattung.de\/","og_locale":"de_DE","og_type":"article","og_title":"Bestattungshaus Werner - Deterding in Steinbach & Umgebung","og_description":"Das Bestattungshaus Werner - Deterding wurde Anfang 2020 gegr\u00fcndet, um auch in Steinbach & Umgebung f\u00fcr Sie da sein zu k\u00f6nnen.","og_url":"https:\/\/werner-bestattung.de\/","og_site_name":"Bestattunghaus Werner","article_modified_time":"2021-06-08T13:20:48+00:00","twitter_card":"summary_large_image","twitter_misc":{"Gesch\u00e4tzte Lesezeit":"2\u00a0Minuten"},"schema":{"@context":"https:\/\/schema.org","@graph":[{"@type":"WebPage","@id":"https:\/\/werner-bestattung.de\/","url":"https:\/\/werner-bestattung.de\/","name":"Bestattungshaus Werner - Deterding in Steinbach & Umgebung","isPartOf":{"@id":"https:\/\/werner-bestattung.de\/#website"},"datePublished":"2021-05-11T13:45:54+00:00","dateModified":"2021-06-08T13:20:48+00:00","description":"Das Bestattungshaus Werner - Deterding wurde Anfang 2020 gegr\u00fcndet, um auch in Steinbach & Umgebung f\u00fcr Sie da sein zu k\u00f6nnen.","breadcrumb":{"@id":"https:\/\/werner-bestattung.de\/#breadcrumb"},"inLanguage":"de","potentialAction":[{"@type":"ReadAction","target":["https:\/\/werner-bestattung.de\/"]}]},{"@type":"BreadcrumbList","@id":"https:\/\/werner-bestattung.de\/#breadcrumb","itemListElement":[{"@type":"ListItem","position":1,"name":"Startseite","item":"https:\/\/werner-bestattung.de\/"},{"@type":"ListItem","position":2,"name":"STARTSEITE"}]},{"@type":"WebSite","@id":"https:\/\/werner-bestattung.de\/#website","url":"https:\/\/werner-bestattung.de\/","name":"Bestattunghaus Werner","description":"Bestattungen in Steinbach und Umgebung","potentialAction":[{"@type":"SearchAction","target":{"@type":"EntryPoint","urlTemplate":"https:\/\/werner-bestattung.de\/?s={search_term_string}"},"query-input":{"@type":"PropertyValueSpecification","valueRequired":true,"valueName":"search_term_string"}}],"inLanguage":"de"}]}},"_links":{"self":[{"href":"https:\/\/werner-bestattung.de\/index.php?rest_route=\/wp\/v2\/pages\/23","targetHints":{"allow":["GET"]}}],"collection":[{"href":"https:\/\/werner-bestattung.de\/index.php?rest_route=\/wp\/v2\/pages"}],"about":[{"href":"https:\/\/werner-bestattung.de\/index.php?rest_route=\/wp\/v2\/types\/page"}],"author":[{"embeddable":true,"href":"https:\/\/werner-bestattung.de\/index.php?rest_route=\/wp\/v2\/users\/1"}],"replies":[{"embeddable":true,"href":"https:\/\/werner-bestattung.de\/index.php?rest_route=%2Fwp%2Fv2%2Fcomments&post=23"}],"version-history":[{"count":40,"href":"https:\/\/werner-bestattung.de\/index.php?rest_route=\/wp\/v2\/pages\/23\/revisions"}],"predecessor-version":[{"id":147,"href":"https:\/\/werner-bestattung.de\/index.php?rest_route=\/wp\/v2\/pages\/23\/revisions\/147"}],"wp:attachment":[{"href":"https:\/\/werner-bestattung.de\/index.php?rest_route=%2Fwp%2Fv2%2Fmedia&parent=23"}],"curies":[{"name":"wp","href":"https:\/\/api.w.org\/{rel}","templated":true}]}}